{"id":17,"date":"2020-03-17T13:54:21","date_gmt":"2020-03-17T13:54:21","guid":{"rendered":"https:\/\/grindelwald-penthouse.ch\/?page_id=17"},"modified":"2024-01-29T14:31:28","modified_gmt":"2024-01-29T13:31:28","slug":"grindelwald","status":"publish","type":"page","link":"https:\/\/grindelwald-penthouse.ch\/de\/grindelwald\/","title":{"rendered":"Grindelwald"},"content":{"rendered":"<div id=\"pl-17\"  class=\"panel-layout\" ><div id=\"pg-17-0\"  class=\"panel-grid panel-has-style\" ><div class=\"siteorigin-panels-stretch panel-row-style panel-row-style-for-17-0\" data-stretch-type=\"full-stretched\" ><div id=\"pgc-17-0-0\"  class=\"panel-grid-cell\" ><div id=\"panel-17-0-0-0\" class=\"so-panel widget widget_sow-layout-slider panel-first-child panel-last-child\" data-index=\"0\" ><div\n\t\t\t\n\t\t\tclass=\"so-widget-sow-layout-slider so-widget-sow-layout-slider-default-77ad4e03c5ff-17\"\n\t\t\t\n\t\t>\t\t\t\t<div class=\"sow-slider-base\" style=\"display: none\" tabindex=\"0\">\n\t\t\t\t\t<ul\n\t\t\t\t\tclass=\"sow-slider-images\"\n\t\t\t\t\tdata-settings=\"{&quot;pagination&quot;:true,&quot;speed&quot;:800,&quot;timeout&quot;:8000,&quot;paused&quot;:false,&quot;pause_on_hover&quot;:false,&quot;swipe&quot;:true,&quot;nav_always_show_desktop&quot;:&quot;&quot;,&quot;nav_always_show_mobile&quot;:&quot;&quot;,&quot;breakpoint&quot;:&quot;780px&quot;,&quot;unmute&quot;:false,&quot;anchor&quot;:null}\"\n\t\t\t\t\tstyle=\"min-height: 500px\"\t\t\t\t\tdata-anchor-id=\"\"\n\t\t\t\t>\t\t<li class=\"sow-slider-image  sow-slider-image-parallax\" style=\"\" >\n\t\t\t<img fetchpriority=\"high\" decoding=\"async\" width=\"2400\" height=\"1600\" src=\"https:\/\/grindelwald-penthouse.ch\/wp-content\/uploads\/2020\/04\/grindelwald-first-snowboard-snowfun-winter-schnee.jpg\" class=\"attachment-full size-full\" alt=\"\" data-siteorigin-parallax=\"true\" loading=\"eager\" style=\"opacity: 1\" srcset=\"https:\/\/grindelwald-penthouse.ch\/wp-content\/uploads\/2020\/04\/grindelwald-first-snowboard-snowfun-winter-schnee.jpg 2400w, https:\/\/grindelwald-penthouse.ch\/wp-content\/uploads\/2020\/04\/grindelwald-first-snowboard-snowfun-winter-schnee-300x200.jpg 300w, https:\/\/grindelwald-penthouse.ch\/wp-content\/uploads\/2020\/04\/grindelwald-first-snowboard-snowfun-winter-schnee-1024x683.jpg 1024w, https:\/\/grindelwald-penthouse.ch\/wp-content\/uploads\/2020\/04\/grindelwald-first-snowboard-snowfun-winter-schnee-768x512.jpg 768w, https:\/\/grindelwald-penthouse.ch\/wp-content\/uploads\/2020\/04\/grindelwald-first-snowboard-snowfun-winter-schnee-1536x1024.jpg 1536w, https:\/\/grindelwald-penthouse.ch\/wp-content\/uploads\/2020\/04\/grindelwald-first-snowboard-snowfun-winter-schnee-2048x1365.jpg 2048w, https:\/\/grindelwald-penthouse.ch\/wp-content\/uploads\/2020\/04\/grindelwald-first-snowboard-snowfun-winter-schnee-2000x1333.jpg 2000w, https:\/\/grindelwald-penthouse.ch\/wp-content\/uploads\/2020\/04\/grindelwald-first-snowboard-snowfun-winter-schnee-1500x1000.jpg 1500w, https:\/\/grindelwald-penthouse.ch\/wp-content\/uploads\/2020\/04\/grindelwald-first-snowboard-snowfun-winter-schnee-1000x667.jpg 1000w, https:\/\/grindelwald-penthouse.ch\/wp-content\/uploads\/2020\/04\/grindelwald-first-snowboard-snowfun-winter-schnee-272x182.jpg 272w\" sizes=\"(max-width: 2400px) 100vw, 2400px\" \/>\t\t<div class=\"sow-slider-image-container\">\n\t\t\t<div class=\"sow-slider-image-wrapper\">\n\t\t\t\t<div id=\"pl-w4b2e2447\"  class=\"panel-layout\" ><div id=\"pg-w4b2e2447-0\"  class=\"panel-grid panel-has-style\" ><div class=\"panel-row-style panel-row-style-for-w4b2e2447-0\" ><div id=\"pgc-w4b2e2447-0-0\"  class=\"panel-grid-cell\" ><div id=\"panel-w4b2e2447-0-0-0\" class=\"so-panel widget widget_sow-editor panel-first-child panel-last-child\" data-index=\"0\" ><div class=\"panel-widget-style panel-widget-style-for-w4b2e2447-0-0-0\" ><div\n\t\t\t\n\t\t\tclass=\"so-widget-sow-editor so-widget-sow-editor-base\"\n\t\t\t\n\t\t>\n<div class=\"siteorigin-widget-tinymce textwidget\">\n\t<h1 style=\"text-align: center;\">Grindelwald<\/h1>\n<p style=\"text-align: center;\">Die Jungfrauregion, eine Perle im Herzen der Schweizer Alpen<\/p>\n<\/div>\n<\/div><\/div><\/div><\/div><\/div><\/div><\/div>\t\t\t<\/div>\n\t\t<\/div>\n\t\t\t\t<\/li>\n\t\t\t\t<li class=\"sow-slider-image  sow-slider-image-parallax\" style=\"\" data-background=\"url(https:\/\/grindelwald-penthouse.ch\/wp-content\/uploads\/2020\/05\/Grindelwald-Penthouse-vacationhome-rentals-80-scaled.jpg)\" >\n\t\t\t<img decoding=\"async\" width=\"2560\" height=\"1707\" src=\"https:\/\/grindelwald-penthouse.ch\/wp-content\/uploads\/2020\/05\/Grindelwald-Penthouse-vacationhome-rentals-80-scaled.jpg\" class=\"attachment-full size-full\" alt=\"\" data-siteorigin-parallax=\"true\" loading=\"eager\" style=\"opacity: 1\" srcset=\"https:\/\/grindelwald-penthouse.ch\/wp-content\/uploads\/2020\/05\/Grindelwald-Penthouse-vacationhome-rentals-80-scaled.jpg 2560w, https:\/\/grindelwald-penthouse.ch\/wp-content\/uploads\/2020\/05\/Grindelwald-Penthouse-vacationhome-rentals-80-300x200.jpg 300w, https:\/\/grindelwald-penthouse.ch\/wp-content\/uploads\/2020\/05\/Grindelwald-Penthouse-vacationhome-rentals-80-1024x683.jpg 1024w, https:\/\/grindelwald-penthouse.ch\/wp-content\/uploads\/2020\/05\/Grindelwald-Penthouse-vacationhome-rentals-80-768x512.jpg 768w, https:\/\/grindelwald-penthouse.ch\/wp-content\/uploads\/2020\/05\/Grindelwald-Penthouse-vacationhome-rentals-80-1536x1024.jpg 1536w, https:\/\/grindelwald-penthouse.ch\/wp-content\/uploads\/2020\/05\/Grindelwald-Penthouse-vacationhome-rentals-80-2048x1366.jpg 2048w, https:\/\/grindelwald-penthouse.ch\/wp-content\/uploads\/2020\/05\/Grindelwald-Penthouse-vacationhome-rentals-80-2000x1333.jpg 2000w, https:\/\/grindelwald-penthouse.ch\/wp-content\/uploads\/2020\/05\/Grindelwald-Penthouse-vacationhome-rentals-80-1500x1000.jpg 1500w, https:\/\/grindelwald-penthouse.ch\/wp-content\/uploads\/2020\/05\/Grindelwald-Penthouse-vacationhome-rentals-80-1000x667.jpg 1000w, https:\/\/grindelwald-penthouse.ch\/wp-content\/uploads\/2020\/05\/Grindelwald-Penthouse-vacationhome-rentals-80-272x182.jpg 272w\" sizes=\"(max-width: 2560px) 100vw, 2560px\" \/>\t\t<div class=\"sow-slider-image-container\">\n\t\t\t<div class=\"sow-slider-image-wrapper\">\n\t\t\t\t<div id=\"pl-wf9872b7e\"  class=\"panel-layout\" ><div id=\"pg-wf9872b7e-0\"  class=\"panel-grid panel-has-style\" ><div class=\"panel-row-style panel-row-style-for-wf9872b7e-0\" ><div id=\"pgc-wf9872b7e-0-0\"  class=\"panel-grid-cell\" ><div id=\"panel-wf9872b7e-0-0-0\" class=\"so-panel widget widget_sow-editor panel-first-child panel-last-child\" data-index=\"0\" ><div class=\"panel-widget-style panel-widget-style-for-wf9872b7e-0-0-0\" ><div\n\t\t\t\n\t\t\tclass=\"so-widget-sow-editor so-widget-sow-editor-base\"\n\t\t\t\n\t\t>\n<div class=\"siteorigin-widget-tinymce textwidget\">\n\t<h1 style=\"text-align: center;\">Grindelwald<\/h1>\n<p style=\"text-align: center;\">Die Jungfrauregion, eine Perle im Herzen der Schweizer Alpen<\/p>\n<\/div>\n<\/div><\/div><\/div><\/div><\/div><\/div><\/div>\t\t\t<\/div>\n\t\t<\/div>\n\t\t\t\t<\/li>\n\t\t\t\t<li class=\"sow-slider-image  sow-slider-image-parallax\" style=\"\" data-background=\"url(https:\/\/grindelwald-penthouse.ch\/wp-content\/uploads\/2020\/05\/Grindelwald-Penthouse-vacationhome-rentals-80-scaled-2-1.jpg)\" >\n\t\t\t<img decoding=\"async\" width=\"2560\" height=\"1280\" src=\"https:\/\/grindelwald-penthouse.ch\/wp-content\/uploads\/2020\/05\/Grindelwald-Penthouse-vacationhome-rentals-80-scaled-2-1.jpg\" class=\"attachment-full size-full\" alt=\"\" data-siteorigin-parallax=\"true\" loading=\"eager\" style=\"opacity: 1\" srcset=\"https:\/\/grindelwald-penthouse.ch\/wp-content\/uploads\/2020\/05\/Grindelwald-Penthouse-vacationhome-rentals-80-scaled-2-1.jpg 2560w, https:\/\/grindelwald-penthouse.ch\/wp-content\/uploads\/2020\/05\/Grindelwald-Penthouse-vacationhome-rentals-80-scaled-2-1-300x150.jpg 300w, https:\/\/grindelwald-penthouse.ch\/wp-content\/uploads\/2020\/05\/Grindelwald-Penthouse-vacationhome-rentals-80-scaled-2-1-1024x512.jpg 1024w, https:\/\/grindelwald-penthouse.ch\/wp-content\/uploads\/2020\/05\/Grindelwald-Penthouse-vacationhome-rentals-80-scaled-2-1-768x384.jpg 768w, https:\/\/grindelwald-penthouse.ch\/wp-content\/uploads\/2020\/05\/Grindelwald-Penthouse-vacationhome-rentals-80-scaled-2-1-1536x768.jpg 1536w, https:\/\/grindelwald-penthouse.ch\/wp-content\/uploads\/2020\/05\/Grindelwald-Penthouse-vacationhome-rentals-80-scaled-2-1-2048x1024.jpg 2048w, https:\/\/grindelwald-penthouse.ch\/wp-content\/uploads\/2020\/05\/Grindelwald-Penthouse-vacationhome-rentals-80-scaled-2-1-1000x500.jpg 1000w\" sizes=\"(max-width: 2560px) 100vw, 2560px\" \/>\t\t<div class=\"sow-slider-image-container\">\n\t\t\t<div class=\"sow-slider-image-wrapper\">\n\t\t\t\t<div id=\"pl-w65181539\"  class=\"panel-layout\" ><div id=\"pg-w65181539-0\"  class=\"panel-grid panel-has-style\" ><div class=\"panel-row-style panel-row-style-for-w65181539-0\" ><div id=\"pgc-w65181539-0-0\"  class=\"panel-grid-cell\" ><div id=\"panel-w65181539-0-0-0\" class=\"so-panel widget widget_sow-editor panel-first-child panel-last-child\" data-index=\"0\" ><div class=\"panel-widget-style panel-widget-style-for-w65181539-0-0-0\" ><div\n\t\t\t\n\t\t\tclass=\"so-widget-sow-editor so-widget-sow-editor-base\"\n\t\t\t\n\t\t>\n<div class=\"siteorigin-widget-tinymce textwidget\">\n\t<h1 style=\"text-align: center;\">Grindelwald<\/h1>\n<p style=\"text-align: center;\">Die Jungfrauregion, eine Perle im Herzen der Schweizer Alpen<\/p>\n<\/div>\n<\/div><\/div><\/div><\/div><\/div><\/div><\/div>\t\t\t<\/div>\n\t\t<\/div>\n\t\t\t\t<\/li>\n\t\t\t\t<li class=\"sow-slider-image  sow-slider-image-cover\" style=\"visibility: hidden;;background-color: #333333\" data-background=\"url(https:\/\/grindelwald-penthouse.ch\/wp-content\/uploads\/2020\/04\/sphinx-aletschgletscher-jungfraujoch-top-of-europe.jpg)\" >\n\t\t\t\t\t<div class=\"sow-slider-image-container\">\n\t\t\t<div class=\"sow-slider-image-wrapper\">\n\t\t\t\t<div id=\"pl-w16fa4112\"  class=\"panel-layout\" ><div id=\"pg-w16fa4112-0\"  class=\"panel-grid panel-has-style\" ><div class=\"panel-row-style panel-row-style-for-w16fa4112-0\" ><div id=\"pgc-w16fa4112-0-0\"  class=\"panel-grid-cell\" ><div id=\"panel-w16fa4112-0-0-0\" class=\"so-panel widget widget_sow-editor panel-first-child panel-last-child\" data-index=\"0\" ><div class=\"panel-widget-style panel-widget-style-for-w16fa4112-0-0-0\" ><div\n\t\t\t\n\t\t\tclass=\"so-widget-sow-editor so-widget-sow-editor-base\"\n\t\t\t\n\t\t>\n<div class=\"siteorigin-widget-tinymce textwidget\">\n\t<h1 style=\"text-align: center;\">Grindelwald<\/h1>\n<p style=\"text-align: center;\">Die Jungfrauregion, eine Perle im Herzen der Schweizer Alpen<\/p>\n<\/div>\n<\/div><\/div><\/div><\/div><\/div><\/div><\/div>\t\t\t<\/div>\n\t\t<\/div>\n\t\t\t\t<\/li>\n\t\t<\/ul>\t\t\t\t<ol class=\"sow-slider-pagination\">\n\t\t\t\t\t\t\t\t\t\t\t<li><a href=\"#\" data-goto=\"0\" aria-label=\"Display slide 1\"><\/a><\/li>\n\t\t\t\t\t\t\t\t\t\t\t<li><a href=\"#\" data-goto=\"1\" aria-label=\"Display slide 2\"><\/a><\/li>\n\t\t\t\t\t\t\t\t\t\t\t<li><a href=\"#\" data-goto=\"2\" aria-label=\"Display slide 3\"><\/a><\/li>\n\t\t\t\t\t\t\t\t\t\t\t<li><a href=\"#\" data-goto=\"3\" aria-label=\"Display slide 4\"><\/a><\/li>\n\t\t\t\t\t\t\t\t\t<\/ol>\n\n\t\t\t\t<div class=\"sow-slide-nav sow-slide-nav-next\">\n\t\t\t\t\t<a href=\"#\" data-goto=\"next\" aria-label=\"Next slide\" data-action=\"next\">\n\t\t\t\t\t\t<em class=\"sow-sld-icon-ultra-thin-right\"><\/em>\n\t\t\t\t\t<\/a>\n\t\t\t\t<\/div>\n\n\t\t\t\t<div class=\"sow-slide-nav sow-slide-nav-prev\">\n\t\t\t\t\t<a href=\"#\" data-goto=\"previous\" aria-label=\"Previous slide\" data-action=\"prev\">\n\t\t\t\t\t\t<em class=\"sow-sld-icon-ultra-thin-left\"><\/em>\n\t\t\t\t\t<\/a>\n\t\t\t\t<\/div>\n\t\t\t\t<\/div><\/div><\/div><\/div><\/div><\/div><div id=\"pg-17-1\"  class=\"panel-grid panel-has-style\" ><div class=\"so-parallax siteorigin-panels-stretch panel-row-style panel-row-style-for-17-1\" data-stretch-type=\"full\" ><img decoding=\"async\" width=\"1920\" height=\"1920\" src=\"https:\/\/grindelwald-penthouse.ch\/wp-content\/uploads\/2020\/03\/bg.png\" class=\"attachment-full size-full\" alt=\"\" data-siteorigin-parallax=\"true\" loading=\"eager\" srcset=\"https:\/\/grindelwald-penthouse.ch\/wp-content\/uploads\/2020\/03\/bg.png 1920w, https:\/\/grindelwald-penthouse.ch\/wp-content\/uploads\/2020\/03\/bg-300x300.png 300w, https:\/\/grindelwald-penthouse.ch\/wp-content\/uploads\/2020\/03\/bg-1024x1024.png 1024w, https:\/\/grindelwald-penthouse.ch\/wp-content\/uploads\/2020\/03\/bg-150x150.png 150w, https:\/\/grindelwald-penthouse.ch\/wp-content\/uploads\/2020\/03\/bg-768x768.png 768w, https:\/\/grindelwald-penthouse.ch\/wp-content\/uploads\/2020\/03\/bg-1536x1536.png 1536w, https:\/\/grindelwald-penthouse.ch\/wp-content\/uploads\/2020\/03\/bg-1000x1000.png 1000w\" sizes=\"(max-width: 1920px) 100vw, 1920px\" \/><div id=\"pgc-17-1-0\"  class=\"panel-grid-cell panel-grid-cell-empty\" ><\/div><div id=\"pgc-17-1-1\"  class=\"panel-grid-cell panel-grid-cell-mobile-last\" ><div id=\"panel-17-1-1-0\" class=\"so-panel widget widget_sow-editor panel-first-child\" data-index=\"1\" ><div class=\"panel-widget-style panel-widget-style-for-17-1-1-0\" ><div\n\t\t\t\n\t\t\tclass=\"so-widget-sow-editor so-widget-sow-editor-base\"\n\t\t\t\n\t\t>\n<div class=\"siteorigin-widget-tinymce textwidget\">\n\t<p style=\"text-align: center;\">\n<h3 style=\"text-align: center;\">Grindelwald<\/h3>\n<\/p>\n<p style=\"text-align: center;\"><em>Die Jungfrauregion, eine Perle im Herzen der Schweizer Alpen<\/em><\/p>\n<p style=\"text-align: center;\">Als begeisterte Outdoor-Enthusiasten k\u00f6nnen wir Ihnen helfen das Beste aus Ihrem Aufenthalt in Grindelwald und der Jungfrau Region zu machen. Vom Skifahren auf Weltklasse-Pisten \u00fcber Tageswanderungen mit Eigerblick, Trailrunning bis hin zu Familienabenteuer und kulinarischen Erlebnissen. Unabh\u00e4ngig von Jahreszeit und Wetter finden Sie Aktivit\u00e4ten die den Puls in Schwung bringen und Berge welche die Stimmung in die H\u00f6he treiben.<\/p>\n<p style=\"text-align: center;\">Fragen Sie uns nach unseren Top-Tipps! Diese Region liegt uns am Herzen und wir m\u00f6chten das Beste, was Grindelwald und die Schweiz zu bieten haben, mit Ihnen teilen.<\/p>\n<p style=\"text-align: center;\"><a href=\"https:\/\/www.hotel-glacier.ch\/grindelwald\/\">Auf dieser Seite<\/a> finden Sie alle verf\u00fcgbaren Aktivit\u00e4ten.<\/p>\n<p style=\"text-align: center;\">Buchen Sie das Penthouse Grindelwald jetzt!<\/p>\n<\/div>\n<\/div><\/div><\/div><div id=\"panel-17-1-1-1\" class=\"so-panel widget widget_sow-button panel-last-child\" data-index=\"2\" ><div\n\t\t\t\n\t\t\tclass=\"so-widget-sow-button so-widget-sow-button-flat-7513bfe50b48-17\"\n\t\t\t\n\t\t><div class=\"ow-button-base ow-button-align-center\"\n>\n\t\t\t<a\n\t\t\t\t\thref=\"https:\/\/www.simplebooking.it\/ibe\/portal?pid=160&#038;tid=106&#038;lang=EN\"\n\t\t\t\t\tclass=\"button sowb-button ow-icon-placement-left ow-button-hover\" \t>\n\t\t<span>\n\t\t\t\n\t\t\tJETZT BUCHEN\t\t<\/span>\n\t\t\t<\/a>\n\t<\/div>\n<\/div><\/div><\/div><div id=\"pgc-17-1-2\"  class=\"panel-grid-cell panel-grid-cell-empty\" ><\/div><\/div><\/div><\/div>","protected":false},"excerpt":{"rendered":"<p>Grindelwald Die Jungfrauregion, eine Perle im Herzen der Schweizer Alpen Als begeisterte Outdoor-Enthusiasten k\u00f6nnen wir Ihnen &hellip;<\/p>\n<p><a class=\"button\" href=\"https:\/\/grindelwald-penthouse.ch\/de\/grindelwald\/\">weiterlesen<\/a><\/p>\n","protected":false},"author":1,"featured_media":0,"parent":0,"menu_order":0,"comment_status":"closed","ping_status":"closed","template":"","meta":{"_acf_changed":false,"footnotes":""},"class_list":["post-17","page","type-page","status-publish","hentry"],"acf":[],"_links":{"self":[{"href":"https:\/\/grindelwald-penthouse.ch\/de\/wp-json\/wp\/v2\/pages\/17","targetHints":{"allow":["GET"]}}],"collection":[{"href":"https:\/\/grindelwald-penthouse.ch\/de\/wp-json\/wp\/v2\/pages"}],"about":[{"href":"https:\/\/grindelwald-penthouse.ch\/de\/wp-json\/wp\/v2\/types\/page"}],"author":[{"embeddable":true,"href":"https:\/\/grindelwald-penthouse.ch\/de\/wp-json\/wp\/v2\/users\/1"}],"replies":[{"embeddable":true,"href":"https:\/\/grindelwald-penthouse.ch\/de\/wp-json\/wp\/v2\/comments?post=17"}],"version-history":[{"count":15,"href":"https:\/\/grindelwald-penthouse.ch\/de\/wp-json\/wp\/v2\/pages\/17\/revisions"}],"predecessor-version":[{"id":780,"href":"https:\/\/grindelwald-penthouse.ch\/de\/wp-json\/wp\/v2\/pages\/17\/revisions\/780"}],"wp:attachment":[{"href":"https:\/\/grindelwald-penthouse.ch\/de\/wp-json\/wp\/v2\/media?parent=17"}],"curies":[{"name":"wp","href":"https:\/\/api.w.org\/{rel}","templated":true}]}}